{"id":3232,"date":"2024-12-17T08:01:26","date_gmt":"2024-12-17T07:01:26","guid":{"rendered":"https:\/\/www.visualpoint.eu\/services\/"},"modified":"2025-02-09T18:57:10","modified_gmt":"2025-02-09T17:57:10","slug":"services","status":"publish","type":"page","link":"https:\/\/ww1.visualpoint.eu\/fr\/services\/","title":{"rendered":"Services"},"content":{"rendered":"\t\t<div data-elementor-type=\"wp-page\" data-elementor-id=\"3232\" class=\"elementor elementor-3232 elementor-2461\" data-elementor-post-type=\"page\">\n\t\t\t\t<div class=\"elementor-element elementor-element-f15b302 e-flex e-con-boxed e-con e-parent\" data-id=\"f15b302\" data-element_type=\"container\" data-e-type=\"container\" data-settings=\"{&quot;background_background&quot;:&quot;classic&quot;}\">\n\t\t\t\t\t<div class=\"e-con-inner\">\n\t\t<div class=\"elementor-element elementor-element-a342f61 e-con-full e-flex e-con e-child\" data-id=\"a342f61\" data-element_type=\"container\" data-e-type=\"container\">\n\t\t<div class=\"elementor-element elementor-element-43d1481 e-con-full e-flex e-con e-child\" data-id=\"43d1481\" data-element_type=\"container\" data-e-type=\"container\">\n\t\t\t\t<\/div>\n\t\t\t\t<\/div>\n\t\t\t\t\t<\/div>\n\t\t\t\t<\/div>\n\t\t<div class=\"elementor-element elementor-element-ae6b680 e-flex e-con-boxed e-con e-parent\" data-id=\"ae6b680\" data-element_type=\"container\" data-e-type=\"container\">\n\t\t\t\t\t<div class=\"e-con-inner\">\n\t\t<div class=\"elementor-element elementor-element-c5c8f9c e-con-full e-flex e-con e-child\" data-id=\"c5c8f9c\" data-element_type=\"container\" data-e-type=\"container\">\n\t\t<div class=\"elementor-element elementor-element-dbc1876 e-con-full e-flex e-con e-child\" data-id=\"dbc1876\" data-element_type=\"container\" data-e-type=\"container\">\n\t\t\t\t<div class=\"elementor-element elementor-element-ec3701e elementor-widget elementor-widget-spacer\" data-id=\"ec3701e\" data-element_type=\"widget\" data-e-type=\"widget\" data-widget_type=\"spacer.default\">\n\t\t\t\t<div class=\"elementor-widget-container\">\n\t\t\t\t\t\t\t<div class=\"elementor-spacer\">\n\t\t\t<div class=\"elementor-spacer-inner\"><\/div>\n\t\t<\/div>\n\t\t\t\t\t\t<\/div>\n\t\t\t\t<\/div>\n\t\t\t\t<div class=\"elementor-element elementor-element-8d563f7 elementor-widget elementor-widget-text-editor\" data-id=\"8d563f7\" data-element_type=\"widget\" data-e-type=\"widget\" data-widget_type=\"text-editor.default\">\n\t\t\t\t<div class=\"elementor-widget-container\">\n\t\t\t\t\t\t\t\t\t<p>Chez Visualpoint Srl, nous proposons un service complet et int\u00e9gr\u00e9 pour la gestion de diff\u00e9rents types de projets, allant de la cr\u00e9ation de magasins, d&rsquo;\u00e9v\u00e9nements d&rsquo;entreprise, de la participation \u00e0 des foires commerciales, \u00e0 la conception de maisons priv\u00e9es.<\/p>\n\t\t\t\t\t\t\t\t<\/div>\n\t\t\t\t<\/div>\n\t\t\t\t<div class=\"elementor-element elementor-element-c45b0ee elementor-widget elementor-widget-spacer\" data-id=\"c45b0ee\" data-element_type=\"widget\" data-e-type=\"widget\" data-widget_type=\"spacer.default\">\n\t\t\t\t<div class=\"elementor-widget-container\">\n\t\t\t\t\t\t\t<div class=\"elementor-spacer\">\n\t\t\t<div class=\"elementor-spacer-inner\"><\/div>\n\t\t<\/div>\n\t\t\t\t\t\t<\/div>\n\t\t\t\t<\/div>\n\t\t\t\t<\/div>\n\t\t\t\t<\/div>\n\t\t\t\t\t<\/div>\n\t\t\t\t<\/div>\n\t\t<div class=\"elementor-element elementor-element-e228fac e-con-full e-flex e-con e-parent\" data-id=\"e228fac\" data-element_type=\"container\" data-e-type=\"container\">\n\t\t<div class=\"elementor-element elementor-element-25dbc0a e-con-full e-flex e-con e-child\" data-id=\"25dbc0a\" data-element_type=\"container\" data-e-type=\"container\" data-settings=\"{&quot;background_background&quot;:&quot;slideshow&quot;,&quot;background_slideshow_gallery&quot;:[{&quot;id&quot;:2604,&quot;url&quot;:&quot;https:\\\/\\\/ww1.visualpoint.eu\\\/wp-content\\\/uploads\\\/2025\\\/01\\\/Roma-6.jpg&quot;},{&quot;id&quot;:2563,&quot;url&quot;:&quot;https:\\\/\\\/ww1.visualpoint.eu\\\/wp-content\\\/uploads\\\/2025\\\/01\\\/FILA_9.jpeg&quot;},{&quot;id&quot;:2667,&quot;url&quot;:&quot;https:\\\/\\\/ww1.visualpoint.eu\\\/wp-content\\\/uploads\\\/2025\\\/01\\\/32A5050.jpg&quot;},{&quot;id&quot;:2552,&quot;url&quot;:&quot;https:\\\/\\\/ww1.visualpoint.eu\\\/wp-content\\\/uploads\\\/2025\\\/01\\\/PHOTO-2023-01-21-15-51-57.jpg&quot;}],&quot;background_slideshow_slide_duration&quot;:3500,&quot;background_slideshow_transition_duration&quot;:400,&quot;background_slideshow_loop&quot;:&quot;yes&quot;,&quot;background_slideshow_slide_transition&quot;:&quot;fade&quot;}\">\n\t\t\t\t<div class=\"elementor-element elementor-element-453a7b4 elementor-widget elementor-widget-spacer\" data-id=\"453a7b4\" data-element_type=\"widget\" data-e-type=\"widget\" data-widget_type=\"spacer.default\">\n\t\t\t\t<div class=\"elementor-widget-container\">\n\t\t\t\t\t\t\t<div class=\"elementor-spacer\">\n\t\t\t<div class=\"elementor-spacer-inner\"><\/div>\n\t\t<\/div>\n\t\t\t\t\t\t<\/div>\n\t\t\t\t<\/div>\n\t\t\t\t<\/div>\n\t\t<div class=\"elementor-element elementor-element-f519f89 e-con-full e-flex e-con e-child\" data-id=\"f519f89\" data-element_type=\"container\" data-e-type=\"container\" data-settings=\"{&quot;background_background&quot;:&quot;slideshow&quot;,&quot;background_slideshow_gallery&quot;:[{&quot;id&quot;:2623,&quot;url&quot;:&quot;https:\\\/\\\/ww1.visualpoint.eu\\\/wp-content\\\/uploads\\\/2025\\\/01\\\/IntBost-2.jpg&quot;},{&quot;id&quot;:2615,&quot;url&quot;:&quot;https:\\\/\\\/ww1.visualpoint.eu\\\/wp-content\\\/uploads\\\/2025\\\/01\\\/IntNY-3.jpg&quot;},{&quot;id&quot;:2591,&quot;url&quot;:&quot;https:\\\/\\\/ww1.visualpoint.eu\\\/wp-content\\\/uploads\\\/2025\\\/01\\\/UNADJUSTEDNONRAW_thumb_463.jpg&quot;},{&quot;id&quot;:2663,&quot;url&quot;:&quot;https:\\\/\\\/ww1.visualpoint.eu\\\/wp-content\\\/uploads\\\/2025\\\/01\\\/32A4996.jpg&quot;},{&quot;id&quot;:2539,&quot;url&quot;:&quot;https:\\\/\\\/ww1.visualpoint.eu\\\/wp-content\\\/uploads\\\/2025\\\/01\\\/PHOTO-2023-01-24-07-24-34.jpg&quot;}],&quot;background_slideshow_slide_duration&quot;:4000,&quot;background_slideshow_transition_duration&quot;:600,&quot;background_slideshow_loop&quot;:&quot;yes&quot;,&quot;background_slideshow_slide_transition&quot;:&quot;fade&quot;}\">\n\t\t\t\t<div class=\"elementor-element elementor-element-9babf79 elementor-widget elementor-widget-spacer\" data-id=\"9babf79\" data-element_type=\"widget\" data-e-type=\"widget\" data-widget_type=\"spacer.default\">\n\t\t\t\t<div class=\"elementor-widget-container\">\n\t\t\t\t\t\t\t<div class=\"elementor-spacer\">\n\t\t\t<div class=\"elementor-spacer-inner\"><\/div>\n\t\t<\/div>\n\t\t\t\t\t\t<\/div>\n\t\t\t\t<\/div>\n\t\t\t\t<\/div>\n\t\t\t\t<\/div>\n\t\t<div class=\"elementor-element elementor-element-d9d5fbd e-flex e-con-boxed e-con e-parent\" data-id=\"d9d5fbd\" data-element_type=\"container\" data-e-type=\"container\">\n\t\t\t\t\t<div class=\"e-con-inner\">\n\t\t<div class=\"elementor-element elementor-element-886c3d5 e-con-full e-flex e-con e-child\" data-id=\"886c3d5\" data-element_type=\"container\" data-e-type=\"container\">\n\t\t\t\t<div class=\"elementor-element elementor-element-21ad851 elementor-widget elementor-widget-spacer\" data-id=\"21ad851\" data-element_type=\"widget\" data-e-type=\"widget\" data-widget_type=\"spacer.default\">\n\t\t\t\t<div class=\"elementor-widget-container\">\n\t\t\t\t\t\t\t<div class=\"elementor-spacer\">\n\t\t\t<div class=\"elementor-spacer-inner\"><\/div>\n\t\t<\/div>\n\t\t\t\t\t\t<\/div>\n\t\t\t\t<\/div>\n\t\t\t\t<div class=\"elementor-element elementor-element-889cf69 elementor-widget elementor-widget-heading\" data-id=\"889cf69\" data-element_type=\"widget\" data-e-type=\"widget\" data-widget_type=\"heading.default\">\n\t\t\t\t<div class=\"elementor-widget-container\">\n\t\t\t\t\t<h2 class=\"elementor-heading-title elementor-size-default\">Project Management<\/h2>\t\t\t\t<\/div>\n\t\t\t\t<\/div>\n\t\t\t\t<div class=\"elementor-element elementor-element-d68efc2 elementor-widget elementor-widget-text-editor\" data-id=\"d68efc2\" data-element_type=\"widget\" data-e-type=\"widget\" data-widget_type=\"text-editor.default\">\n\t\t\t\t<div class=\"elementor-widget-container\">\n\t\t\t\t\t\t\t\t\t<p>Nous sommes en mesure de g\u00e9rer tous les aspects du projet, depuis les d\u00e9marches bureaucratiques n\u00e9cessaires jusqu&rsquo;\u00e0 la r\u00e9alisation finale. Notre exp\u00e9rience du secteur nous permet de naviguer en toute confiance dans les r\u00e8gles et r\u00e9glementations, garantissant que chaque projet est conforme et r\u00e9alisable.<\/p>\n\t\t\t\t\t\t\t\t<\/div>\n\t\t\t\t<\/div>\n\t\t\t\t<div class=\"elementor-element elementor-element-b8930a6 elementor-widget elementor-widget-spacer\" data-id=\"b8930a6\" data-element_type=\"widget\" data-e-type=\"widget\" data-widget_type=\"spacer.default\">\n\t\t\t\t<div class=\"elementor-widget-container\">\n\t\t\t\t\t\t\t<div class=\"elementor-spacer\">\n\t\t\t<div class=\"elementor-spacer-inner\"><\/div>\n\t\t<\/div>\n\t\t\t\t\t\t<\/div>\n\t\t\t\t<\/div>\n\t\t\t\t<\/div>\n\t\t<div class=\"elementor-element elementor-element-79a0691 e-con-full e-flex e-con e-child\" data-id=\"79a0691\" data-element_type=\"container\" data-e-type=\"container\">\n\t\t\t\t<div class=\"elementor-element elementor-element-8bbabf5 elementor-widget elementor-widget-spacer\" data-id=\"8bbabf5\" data-element_type=\"widget\" data-e-type=\"widget\" data-widget_type=\"spacer.default\">\n\t\t\t\t<div class=\"elementor-widget-container\">\n\t\t\t\t\t\t\t<div class=\"elementor-spacer\">\n\t\t\t<div class=\"elementor-spacer-inner\"><\/div>\n\t\t<\/div>\n\t\t\t\t\t\t<\/div>\n\t\t\t\t<\/div>\n\t\t\t\t<div class=\"elementor-element elementor-element-c31760c elementor-widget elementor-widget-heading\" data-id=\"c31760c\" data-element_type=\"widget\" data-e-type=\"widget\" data-widget_type=\"heading.default\">\n\t\t\t\t<div class=\"elementor-widget-container\">\n\t\t\t\t\t<h2 class=\"elementor-heading-title elementor-size-default\">Lighting design<\/h2>\t\t\t\t<\/div>\n\t\t\t\t<\/div>\n\t\t\t\t<div class=\"elementor-element elementor-element-bff35d1 elementor-widget elementor-widget-text-editor\" data-id=\"bff35d1\" data-element_type=\"widget\" data-e-type=\"widget\" data-widget_type=\"text-editor.default\">\n\t\t\t\t<div class=\"elementor-widget-container\">\n\t\t\t\t\t\t\t\t\t<p>La lumi\u00e8re est un \u00e9l\u00e9ment fondamental pour cr\u00e9er des atmosph\u00e8res uniques et fonctionnelles. Nos sp\u00e9cialistes et partenaires en \u00e9clairage proposent avec pr\u00e9cision des solutions d\u2019\u00e9clairage qui mettent en valeur les espaces et mettent en valeur leurs caract\u00e9ristiques, rendant chaque environnement accueillant et unique.<\/p>\n\t\t\t\t\t\t\t\t<\/div>\n\t\t\t\t<\/div>\n\t\t\t\t<div class=\"elementor-element elementor-element-b31f831 elementor-widget elementor-widget-spacer\" data-id=\"b31f831\" data-element_type=\"widget\" data-e-type=\"widget\" data-widget_type=\"spacer.default\">\n\t\t\t\t<div class=\"elementor-widget-container\">\n\t\t\t\t\t\t\t<div class=\"elementor-spacer\">\n\t\t\t<div class=\"elementor-spacer-inner\"><\/div>\n\t\t<\/div>\n\t\t\t\t\t\t<\/div>\n\t\t\t\t<\/div>\n\t\t\t\t<\/div>\n\t\t\t\t\t<\/div>\n\t\t\t\t<\/div>\n\t\t<div class=\"elementor-element elementor-element-8f78e0c e-flex e-con-boxed e-con e-parent\" data-id=\"8f78e0c\" data-element_type=\"container\" data-e-type=\"container\">\n\t\t\t\t\t<div class=\"e-con-inner\">\n\t\t<div class=\"elementor-element elementor-element-e5dedfc e-con-full e-flex e-con e-child\" data-id=\"e5dedfc\" data-element_type=\"container\" data-e-type=\"container\">\n\t\t\t\t<div class=\"elementor-element elementor-element-d936c39 elementor-widget elementor-widget-spacer\" data-id=\"d936c39\" data-element_type=\"widget\" data-e-type=\"widget\" data-widget_type=\"spacer.default\">\n\t\t\t\t<div class=\"elementor-widget-container\">\n\t\t\t\t\t\t\t<div class=\"elementor-spacer\">\n\t\t\t<div class=\"elementor-spacer-inner\"><\/div>\n\t\t<\/div>\n\t\t\t\t\t\t<\/div>\n\t\t\t\t<\/div>\n\t\t\t\t<div class=\"elementor-element elementor-element-e3c988f elementor-widget elementor-widget-heading\" data-id=\"e3c988f\" data-element_type=\"widget\" data-e-type=\"widget\" data-widget_type=\"heading.default\">\n\t\t\t\t<div class=\"elementor-widget-container\">\n\t\t\t\t\t<h2 class=\"elementor-heading-title elementor-size-default\">Executive project<\/h2>\t\t\t\t<\/div>\n\t\t\t\t<\/div>\n\t\t\t\t<div class=\"elementor-element elementor-element-a80f572 elementor-widget elementor-widget-text-editor\" data-id=\"a80f572\" data-element_type=\"widget\" data-e-type=\"widget\" data-widget_type=\"text-editor.default\">\n\t\t\t\t<div class=\"elementor-widget-container\">\n\t\t\t\t\t\t\t\t\t<p>Notre \u00e9quipe d&rsquo;experts \u00e9labore des projets ex\u00e9cutifs d\u00e9taill\u00e9s, qui d\u00e9finissent chaque aspect technique et cr\u00e9atif des travaux \u00e0 r\u00e9aliser. Chaque projet suit les besoins du client et du professionnel de r\u00e9f\u00e9rence, garantissant des r\u00e9sultats de haute qualit\u00e9 et une r\u00e9alisation soign\u00e9e, respectant les d\u00e9lais requis.<\/p>\n\t\t\t\t\t\t\t\t<\/div>\n\t\t\t\t<\/div>\n\t\t\t\t<div class=\"elementor-element elementor-element-676e2e5 elementor-widget elementor-widget-spacer\" data-id=\"676e2e5\" data-element_type=\"widget\" data-e-type=\"widget\" data-widget_type=\"spacer.default\">\n\t\t\t\t<div class=\"elementor-widget-container\">\n\t\t\t\t\t\t\t<div class=\"elementor-spacer\">\n\t\t\t<div class=\"elementor-spacer-inner\"><\/div>\n\t\t<\/div>\n\t\t\t\t\t\t<\/div>\n\t\t\t\t<\/div>\n\t\t\t\t<\/div>\n\t\t<div class=\"elementor-element elementor-element-5a12bb2 e-con-full e-flex e-con e-child\" data-id=\"5a12bb2\" data-element_type=\"container\" data-e-type=\"container\">\n\t\t\t\t<div class=\"elementor-element elementor-element-d368dbd elementor-widget elementor-widget-spacer\" data-id=\"d368dbd\" data-element_type=\"widget\" data-e-type=\"widget\" data-widget_type=\"spacer.default\">\n\t\t\t\t<div class=\"elementor-widget-container\">\n\t\t\t\t\t\t\t<div class=\"elementor-spacer\">\n\t\t\t<div class=\"elementor-spacer-inner\"><\/div>\n\t\t<\/div>\n\t\t\t\t\t\t<\/div>\n\t\t\t\t<\/div>\n\t\t\t\t<div class=\"elementor-element elementor-element-17e9953 elementor-widget elementor-widget-heading\" data-id=\"17e9953\" data-element_type=\"widget\" data-e-type=\"widget\" data-widget_type=\"heading.default\">\n\t\t\t\t<div class=\"elementor-widget-container\">\n\t\t\t\t\t<h2 class=\"elementor-heading-title elementor-size-default\">Furnishings<\/h2>\t\t\t\t<\/div>\n\t\t\t\t<\/div>\n\t\t\t\t<div class=\"elementor-element elementor-element-eba3d65 elementor-widget elementor-widget-text-editor\" data-id=\"eba3d65\" data-element_type=\"widget\" data-e-type=\"widget\" data-widget_type=\"text-editor.default\">\n\t\t\t\t<div class=\"elementor-widget-container\">\n\t\t\t\t\t\t\t\t\t<p>Nous nous occupons de la conception ex\u00e9cutive et de la recherche\/s\u00e9lection du mobilier, en choisissant soigneusement des mat\u00e9riaux et des styles qui suivent l&rsquo;identit\u00e9 du projet. Nous travaillons avec des fournisseurs de confiance pour garantir que chaque meuble est de haute qualit\u00e9 et conforme \u00e0 la vision du client.<\/p>\n\t\t\t\t\t\t\t\t<\/div>\n\t\t\t\t<\/div>\n\t\t\t\t<div class=\"elementor-element elementor-element-697cd32 elementor-widget elementor-widget-spacer\" data-id=\"697cd32\" data-element_type=\"widget\" data-e-type=\"widget\" data-widget_type=\"spacer.default\">\n\t\t\t\t<div class=\"elementor-widget-container\">\n\t\t\t\t\t\t\t<div class=\"elementor-spacer\">\n\t\t\t<div class=\"elementor-spacer-inner\"><\/div>\n\t\t<\/div>\n\t\t\t\t\t\t<\/div>\n\t\t\t\t<\/div>\n\t\t\t\t<\/div>\n\t\t\t\t\t<\/div>\n\t\t\t\t<\/div>\n\t\t\t\t<\/div>\n\t\t","protected":false},"excerpt":{"rendered":"<p>Chez Visualpoint Srl, nous proposons un service complet et int\u00e9gr\u00e9 pour la gestion de diff\u00e9rents types de projets, allant de la cr\u00e9ation de magasins, d&rsquo;\u00e9v\u00e9nements d&rsquo;entreprise, de la participation \u00e0 des foires commerciales, \u00e0 la conception de maisons priv\u00e9es. Project Management Nous sommes en mesure de g\u00e9rer tous les aspects du projet, depuis les d\u00e9marches [&hellip;]<\/p>\n","protected":false},"author":1,"featured_media":3101,"parent":0,"menu_order":0,"comment_status":"closed","ping_status":"closed","template":"","meta":{"footnotes":""},"class_list":["post-3232","page","type-page","status-publish","has-post-thumbnail","hentry"],"yoast_head":"<!-- This site is optimized with the Yoast SEO plugin v27.2 - https:\/\/yoast.com\/product\/yoast-seo-wordpress\/ -->\n<title>Services - Visual Point<\/title>\n<meta name=\"robots\" content=\"noindex, follow, max-snippet:-1, max-image-preview:large, max-video-preview:-1\" \/>\n<meta property=\"og:locale\" content=\"fr_FR\" \/>\n<meta property=\"og:type\" content=\"article\" \/>\n<meta property=\"og:title\" content=\"Services - Visual Point\" \/>\n<meta property=\"og:description\" content=\"Chez Visualpoint Srl, nous proposons un service complet et int\u00e9gr\u00e9 pour la gestion de diff\u00e9rents types de projets, allant de la cr\u00e9ation de magasins, d&rsquo;\u00e9v\u00e9nements d&rsquo;entreprise, de la participation \u00e0 des foires commerciales, \u00e0 la conception de maisons priv\u00e9es. Project Management Nous sommes en mesure de g\u00e9rer tous les aspects du projet, depuis les d\u00e9marches [&hellip;]\" \/>\n<meta property=\"og:url\" content=\"https:\/\/ww1.visualpoint.eu\/fr\/services\/\" \/>\n<meta property=\"og:site_name\" content=\"Visual Point\" \/>\n<meta property=\"article:modified_time\" content=\"2025-02-09T17:57:10+00:00\" \/>\n<meta property=\"og:image\" content=\"https:\/\/ww1.visualpoint.eu\/wp-content\/uploads\/2025\/01\/32A5009.jpg\" \/>\n\t<meta property=\"og:image:width\" content=\"2048\" \/>\n\t<meta property=\"og:image:height\" content=\"1366\" \/>\n\t<meta property=\"og:image:type\" content=\"image\/jpeg\" \/>\n<meta name=\"twitter:card\" content=\"summary_large_image\" \/>\n<meta name=\"twitter:label1\" content=\"Dur\u00e9e de lecture estim\u00e9e\" \/>\n\t<meta name=\"twitter:data1\" content=\"1 minute\" \/>\n<script type=\"application\/ld+json\" class=\"yoast-schema-graph\">{\"@context\":\"https:\/\/schema.org\",\"@graph\":[{\"@type\":\"WebPage\",\"@id\":\"https:\/\/ww1.visualpoint.eu\/fr\/services\/\",\"url\":\"https:\/\/ww1.visualpoint.eu\/fr\/services\/\",\"name\":\"Services - Visual Point\",\"isPartOf\":{\"@id\":\"https:\/\/ww1.visualpoint.eu\/fr\/#website\"},\"primaryImageOfPage\":{\"@id\":\"https:\/\/ww1.visualpoint.eu\/fr\/services\/#primaryimage\"},\"image\":{\"@id\":\"https:\/\/ww1.visualpoint.eu\/fr\/services\/#primaryimage\"},\"thumbnailUrl\":\"https:\/\/ww1.visualpoint.eu\/wp-content\/uploads\/2025\/01\/32A5009.jpg\",\"datePublished\":\"2024-12-17T07:01:26+00:00\",\"dateModified\":\"2025-02-09T17:57:10+00:00\",\"breadcrumb\":{\"@id\":\"https:\/\/ww1.visualpoint.eu\/fr\/services\/#breadcrumb\"},\"inLanguage\":\"fr-FR\",\"potentialAction\":[{\"@type\":\"ReadAction\",\"target\":[\"https:\/\/ww1.visualpoint.eu\/fr\/services\/\"]}]},{\"@type\":\"ImageObject\",\"inLanguage\":\"fr-FR\",\"@id\":\"https:\/\/ww1.visualpoint.eu\/fr\/services\/#primaryimage\",\"url\":\"https:\/\/ww1.visualpoint.eu\/wp-content\/uploads\/2025\/01\/32A5009.jpg\",\"contentUrl\":\"https:\/\/ww1.visualpoint.eu\/wp-content\/uploads\/2025\/01\/32A5009.jpg\",\"width\":2048,\"height\":1366},{\"@type\":\"BreadcrumbList\",\"@id\":\"https:\/\/ww1.visualpoint.eu\/fr\/services\/#breadcrumb\",\"itemListElement\":[{\"@type\":\"ListItem\",\"position\":1,\"name\":\"Home\",\"item\":\"https:\/\/ww1.visualpoint.eu\/fr\/\"},{\"@type\":\"ListItem\",\"position\":2,\"name\":\"Services\"}]},{\"@type\":\"WebSite\",\"@id\":\"https:\/\/ww1.visualpoint.eu\/fr\/#website\",\"url\":\"https:\/\/ww1.visualpoint.eu\/fr\/\",\"name\":\"Visual Point\",\"description\":\"Negozi, showroom, fiere ed eventi, interior design, realizzazione e fornitura mobili su misura\",\"publisher\":{\"@id\":\"https:\/\/ww1.visualpoint.eu\/fr\/#organization\"},\"potentialAction\":[{\"@type\":\"SearchAction\",\"target\":{\"@type\":\"EntryPoint\",\"urlTemplate\":\"https:\/\/ww1.visualpoint.eu\/fr\/?s={search_term_string}\"},\"query-input\":{\"@type\":\"PropertyValueSpecification\",\"valueRequired\":true,\"valueName\":\"search_term_string\"}}],\"inLanguage\":\"fr-FR\"},{\"@type\":\"Organization\",\"@id\":\"https:\/\/ww1.visualpoint.eu\/fr\/#organization\",\"name\":\"Visual Point\",\"url\":\"https:\/\/ww1.visualpoint.eu\/fr\/\",\"logo\":{\"@type\":\"ImageObject\",\"inLanguage\":\"fr-FR\",\"@id\":\"https:\/\/ww1.visualpoint.eu\/fr\/#\/schema\/logo\/image\/\",\"url\":\"https:\/\/ww1.visualpoint.eu\/wp-content\/uploads\/2024\/09\/visualpoint-logo-2024.webp\",\"contentUrl\":\"https:\/\/ww1.visualpoint.eu\/wp-content\/uploads\/2024\/09\/visualpoint-logo-2024.webp\",\"width\":1080,\"height\":205,\"caption\":\"Visual Point\"},\"image\":{\"@id\":\"https:\/\/ww1.visualpoint.eu\/fr\/#\/schema\/logo\/image\/\"}}]}<\/script>\n<!-- \/ Yoast SEO plugin. -->","yoast_head_json":{"title":"Services - Visual Point","robots":{"index":"noindex","follow":"follow","max-snippet":"max-snippet:-1","max-image-preview":"max-image-preview:large","max-video-preview":"max-video-preview:-1"},"og_locale":"fr_FR","og_type":"article","og_title":"Services - Visual Point","og_description":"Chez Visualpoint Srl, nous proposons un service complet et int\u00e9gr\u00e9 pour la gestion de diff\u00e9rents types de projets, allant de la cr\u00e9ation de magasins, d&rsquo;\u00e9v\u00e9nements d&rsquo;entreprise, de la participation \u00e0 des foires commerciales, \u00e0 la conception de maisons priv\u00e9es. Project Management Nous sommes en mesure de g\u00e9rer tous les aspects du projet, depuis les d\u00e9marches [&hellip;]","og_url":"https:\/\/ww1.visualpoint.eu\/fr\/services\/","og_site_name":"Visual Point","article_modified_time":"2025-02-09T17:57:10+00:00","og_image":[{"width":2048,"height":1366,"url":"https:\/\/ww1.visualpoint.eu\/wp-content\/uploads\/2025\/01\/32A5009.jpg","type":"image\/jpeg"}],"twitter_card":"summary_large_image","twitter_misc":{"Dur\u00e9e de lecture estim\u00e9e":"1 minute"},"schema":{"@context":"https:\/\/schema.org","@graph":[{"@type":"WebPage","@id":"https:\/\/ww1.visualpoint.eu\/fr\/services\/","url":"https:\/\/ww1.visualpoint.eu\/fr\/services\/","name":"Services - Visual Point","isPartOf":{"@id":"https:\/\/ww1.visualpoint.eu\/fr\/#website"},"primaryImageOfPage":{"@id":"https:\/\/ww1.visualpoint.eu\/fr\/services\/#primaryimage"},"image":{"@id":"https:\/\/ww1.visualpoint.eu\/fr\/services\/#primaryimage"},"thumbnailUrl":"https:\/\/ww1.visualpoint.eu\/wp-content\/uploads\/2025\/01\/32A5009.jpg","datePublished":"2024-12-17T07:01:26+00:00","dateModified":"2025-02-09T17:57:10+00:00","breadcrumb":{"@id":"https:\/\/ww1.visualpoint.eu\/fr\/services\/#breadcrumb"},"inLanguage":"fr-FR","potentialAction":[{"@type":"ReadAction","target":["https:\/\/ww1.visualpoint.eu\/fr\/services\/"]}]},{"@type":"ImageObject","inLanguage":"fr-FR","@id":"https:\/\/ww1.visualpoint.eu\/fr\/services\/#primaryimage","url":"https:\/\/ww1.visualpoint.eu\/wp-content\/uploads\/2025\/01\/32A5009.jpg","contentUrl":"https:\/\/ww1.visualpoint.eu\/wp-content\/uploads\/2025\/01\/32A5009.jpg","width":2048,"height":1366},{"@type":"BreadcrumbList","@id":"https:\/\/ww1.visualpoint.eu\/fr\/services\/#breadcrumb","itemListElement":[{"@type":"ListItem","position":1,"name":"Home","item":"https:\/\/ww1.visualpoint.eu\/fr\/"},{"@type":"ListItem","position":2,"name":"Services"}]},{"@type":"WebSite","@id":"https:\/\/ww1.visualpoint.eu\/fr\/#website","url":"https:\/\/ww1.visualpoint.eu\/fr\/","name":"Visual Point","description":"Negozi, showroom, fiere ed eventi, interior design, realizzazione e fornitura mobili su misura","publisher":{"@id":"https:\/\/ww1.visualpoint.eu\/fr\/#organization"},"potentialAction":[{"@type":"SearchAction","target":{"@type":"EntryPoint","urlTemplate":"https:\/\/ww1.visualpoint.eu\/fr\/?s={search_term_string}"},"query-input":{"@type":"PropertyValueSpecification","valueRequired":true,"valueName":"search_term_string"}}],"inLanguage":"fr-FR"},{"@type":"Organization","@id":"https:\/\/ww1.visualpoint.eu\/fr\/#organization","name":"Visual Point","url":"https:\/\/ww1.visualpoint.eu\/fr\/","logo":{"@type":"ImageObject","inLanguage":"fr-FR","@id":"https:\/\/ww1.visualpoint.eu\/fr\/#\/schema\/logo\/image\/","url":"https:\/\/ww1.visualpoint.eu\/wp-content\/uploads\/2024\/09\/visualpoint-logo-2024.webp","contentUrl":"https:\/\/ww1.visualpoint.eu\/wp-content\/uploads\/2024\/09\/visualpoint-logo-2024.webp","width":1080,"height":205,"caption":"Visual Point"},"image":{"@id":"https:\/\/ww1.visualpoint.eu\/fr\/#\/schema\/logo\/image\/"}}]}},"_links":{"self":[{"href":"https:\/\/ww1.visualpoint.eu\/fr\/wp-json\/wp\/v2\/pages\/3232","targetHints":{"allow":["GET"]}}],"collection":[{"href":"https:\/\/ww1.visualpoint.eu\/fr\/wp-json\/wp\/v2\/pages"}],"about":[{"href":"https:\/\/ww1.visualpoint.eu\/fr\/wp-json\/wp\/v2\/types\/page"}],"author":[{"embeddable":true,"href":"https:\/\/ww1.visualpoint.eu\/fr\/wp-json\/wp\/v2\/users\/1"}],"replies":[{"embeddable":true,"href":"https:\/\/ww1.visualpoint.eu\/fr\/wp-json\/wp\/v2\/comments?post=3232"}],"version-history":[{"count":1,"href":"https:\/\/ww1.visualpoint.eu\/fr\/wp-json\/wp\/v2\/pages\/3232\/revisions"}],"predecessor-version":[{"id":3233,"href":"https:\/\/ww1.visualpoint.eu\/fr\/wp-json\/wp\/v2\/pages\/3232\/revisions\/3233"}],"wp:featuredmedia":[{"embeddable":true,"href":"https:\/\/ww1.visualpoint.eu\/fr\/wp-json\/wp\/v2\/media\/3101"}],"wp:attachment":[{"href":"https:\/\/ww1.visualpoint.eu\/fr\/wp-json\/wp\/v2\/media?parent=3232"}],"curies":[{"name":"wp","href":"https:\/\/api.w.org\/{rel}","templated":true}]}}