{"id":3226,"date":"2024-12-04T12:27:03","date_gmt":"2024-12-04T11:27:03","guid":{"rendered":"https:\/\/www.visualpoint.eu\/qui-sommes-nous\/"},"modified":"2025-02-13T11:47:24","modified_gmt":"2025-02-13T10:47:24","slug":"qui-sommes-nous","status":"publish","type":"page","link":"https:\/\/ww1.visualpoint.eu\/fr\/qui-sommes-nous\/","title":{"rendered":"Qui sommes-nous"},"content":{"rendered":"\t\t<div data-elementor-type=\"wp-page\" data-elementor-id=\"3226\" class=\"elementor elementor-3226 elementor-2351\" data-elementor-post-type=\"page\">\n\t\t\t\t<div class=\"elementor-element elementor-element-f15b302 e-flex e-con-boxed e-con e-parent\" data-id=\"f15b302\" data-element_type=\"container\" data-e-type=\"container\" data-settings=\"{&quot;background_background&quot;:&quot;classic&quot;,&quot;background_motion_fx_motion_fx_scrolling&quot;:&quot;yes&quot;,&quot;background_motion_fx_translateY_effect&quot;:&quot;yes&quot;,&quot;background_motion_fx_translateY_speed&quot;:{&quot;unit&quot;:&quot;px&quot;,&quot;size&quot;:4,&quot;sizes&quot;:[]},&quot;background_motion_fx_translateY_affectedRange&quot;:{&quot;unit&quot;:&quot;%&quot;,&quot;size&quot;:&quot;&quot;,&quot;sizes&quot;:{&quot;start&quot;:0,&quot;end&quot;:100}},&quot;background_motion_fx_devices&quot;:[&quot;desktop&quot;,&quot;tablet&quot;,&quot;mobile&quot;]}\">\n\t\t\t\t\t<div class=\"e-con-inner\">\n\t\t<div class=\"elementor-element elementor-element-a342f61 e-con-full e-flex e-con e-child\" data-id=\"a342f61\" data-element_type=\"container\" data-e-type=\"container\">\n\t\t<div class=\"elementor-element elementor-element-43d1481 e-con-full e-flex e-con e-child\" data-id=\"43d1481\" data-element_type=\"container\" data-e-type=\"container\">\n\t\t\t\t<\/div>\n\t\t\t\t<\/div>\n\t\t\t\t\t<\/div>\n\t\t\t\t<\/div>\n\t\t<div class=\"elementor-element elementor-element-ba613fd e-flex e-con-boxed e-con e-parent\" data-id=\"ba613fd\" data-element_type=\"container\" data-e-type=\"container\">\n\t\t\t\t\t<div class=\"e-con-inner\">\n\t\t<div class=\"elementor-element elementor-element-a0c25e6 e-con-full e-flex e-con e-child\" data-id=\"a0c25e6\" data-element_type=\"container\" data-e-type=\"container\">\n\t\t<div class=\"elementor-element elementor-element-fa3fbdc e-con-full e-flex e-con e-child\" data-id=\"fa3fbdc\" data-element_type=\"container\" data-e-type=\"container\">\n\t\t\t\t<div class=\"elementor-element elementor-element-47a2123 elementor-widget elementor-widget-spacer\" data-id=\"47a2123\" data-element_type=\"widget\" data-e-type=\"widget\" data-widget_type=\"spacer.default\">\n\t\t\t\t<div class=\"elementor-widget-container\">\n\t\t\t\t\t\t\t<div class=\"elementor-spacer\">\n\t\t\t<div class=\"elementor-spacer-inner\"><\/div>\n\t\t<\/div>\n\t\t\t\t\t\t<\/div>\n\t\t\t\t<\/div>\n\t\t\t\t<div class=\"elementor-element elementor-element-67b041c elementor-widget elementor-widget-heading\" data-id=\"67b041c\" data-element_type=\"widget\" data-e-type=\"widget\" data-widget_type=\"heading.default\">\n\t\t\t\t<div class=\"elementor-widget-container\">\n\t\t\t\t\t<h2 class=\"elementor-heading-title elementor-size-default\">L'\u00e9quipe<\/h2>\t\t\t\t<\/div>\n\t\t\t\t<\/div>\n\t\t\t\t<div class=\"elementor-element elementor-element-938cb4d elementor-widget elementor-widget-text-editor\" data-id=\"938cb4d\" data-element_type=\"widget\" data-e-type=\"widget\" data-widget_type=\"text-editor.default\">\n\t\t\t\t<div class=\"elementor-widget-container\">\n\t\t\t\t\t\t\t\t\t<p>Le c\u0153ur battant de Visualpoint Srl est son \u00e9quipe, non seulement le noyau interne mais <strong>un groupe de professionnels et d&rsquo;artisans<\/strong> qui repr\u00e9sentent le mieux la <strong>qualit\u00e9 italienne<\/strong>, reconnue dans le monde entier. Chaque membre de notre \u00e9quipe apporte avec lui son exp\u00e9rience et son professionnalisme inn\u00e9, contribuant ainsi \u00e0 la r\u00e9alisation de vos projets. Pour la satisfaction de nos clients.<br \/>\nNotre \u00e9quipe est compos\u00e9e de <strong>designers, d&rsquo;architectes, d&rsquo;ing\u00e9nieurs, de chefs de projets, d&rsquo;artisans et de petites ou moyennes entreprises sp\u00e9cialis\u00e9es<\/strong>, chacun jouant un r\u00f4le fondamental dans le processus de r\u00e9alisation.<\/p>\n\t\t\t\t\t\t\t\t<\/div>\n\t\t\t\t<\/div>\n\t\t<div class=\"elementor-element elementor-element-52fb220 e-con-full e-flex e-con e-child\" data-id=\"52fb220\" data-element_type=\"container\" data-e-type=\"container\">\n\t\t\t\t<div class=\"elementor-element elementor-element-2572c54 elementor-widget elementor-widget-jet-listing-grid\" data-id=\"2572c54\" data-element_type=\"widget\" data-e-type=\"widget\" data-settings=\"{&quot;columns&quot;:3,&quot;columns_tablet&quot;:&quot;2&quot;,&quot;columns_mobile&quot;:&quot;1&quot;}\" data-widget_type=\"jet-listing-grid.default\">\n\t\t\t\t<div class=\"elementor-widget-container\">\n\t\t\t\t\t<div class=\"jet-listing-grid jet-listing\"><div class=\"jet-listing-not-found jet-listing-grid__items\" data-nav=\"{&quot;enabled&quot;:false,&quot;type&quot;:null,&quot;more_el&quot;:null,&quot;query&quot;:[],&quot;widget_settings&quot;:{&quot;lisitng_id&quot;:2413,&quot;posts_num&quot;:24,&quot;columns&quot;:3,&quot;columns_tablet&quot;:2,&quot;columns_mobile&quot;:1,&quot;column_min_width&quot;:240,&quot;column_min_width_tablet&quot;:240,&quot;column_min_width_mobile&quot;:240,&quot;inline_columns_css&quot;:false,&quot;is_archive_template&quot;:&quot;&quot;,&quot;post_status&quot;:[&quot;publish&quot;],&quot;use_random_posts_num&quot;:&quot;&quot;,&quot;max_posts_num&quot;:9,&quot;not_found_message&quot;:&quot;No data was found&quot;,&quot;is_masonry&quot;:false,&quot;equal_columns_height&quot;:&quot;yes&quot;,&quot;use_load_more&quot;:&quot;&quot;,&quot;load_more_id&quot;:&quot;&quot;,&quot;load_more_type&quot;:&quot;click&quot;,&quot;load_more_offset&quot;:{&quot;unit&quot;:&quot;px&quot;,&quot;size&quot;:0,&quot;sizes&quot;:[]},&quot;use_custom_post_types&quot;:&quot;&quot;,&quot;custom_post_types&quot;:[],&quot;hide_widget_if&quot;:&quot;&quot;,&quot;carousel_enabled&quot;:&quot;&quot;,&quot;slides_to_scroll&quot;:&quot;1&quot;,&quot;arrows&quot;:&quot;true&quot;,&quot;arrow_icon&quot;:&quot;fa fa-angle-left&quot;,&quot;dots&quot;:&quot;&quot;,&quot;autoplay&quot;:&quot;true&quot;,&quot;pause_on_hover&quot;:&quot;true&quot;,&quot;autoplay_speed&quot;:5000,&quot;infinite&quot;:&quot;true&quot;,&quot;center_mode&quot;:&quot;&quot;,&quot;effect&quot;:&quot;slide&quot;,&quot;speed&quot;:500,&quot;inject_alternative_items&quot;:&quot;&quot;,&quot;injection_items&quot;:[],&quot;scroll_slider_enabled&quot;:&quot;&quot;,&quot;scroll_slider_on&quot;:[&quot;desktop&quot;,&quot;tablet&quot;,&quot;mobile&quot;],&quot;custom_query&quot;:false,&quot;custom_query_id&quot;:&quot;&quot;,&quot;_element_id&quot;:&quot;&quot;,&quot;collapse_first_last_gap&quot;:false,&quot;list_tag_selection&quot;:&quot;&quot;,&quot;list_items_wrapper_tag&quot;:&quot;div&quot;,&quot;list_item_tag&quot;:&quot;div&quot;,&quot;empty_items_wrapper_tag&quot;:&quot;div&quot;}}\" data-listing-source=\"posts\" data-listing-id=\"2413\" data-query-id=\"\" data-queried-id=\"3226|WP_Post\">No data was found<\/div><\/div>\t\t\t\t<\/div>\n\t\t\t\t<\/div>\n\t\t\t\t<\/div>\n\t\t\t\t<\/div>\n\t\t\t\t<\/div>\n\t\t\t\t\t<\/div>\n\t\t\t\t<\/div>\n\t\t<div class=\"elementor-element elementor-element-e228fac e-con-full e-flex e-con e-parent\" data-id=\"e228fac\" data-element_type=\"container\" data-e-type=\"container\">\n\t\t<div class=\"elementor-element elementor-element-25dbc0a e-con-full e-flex e-con e-child\" data-id=\"25dbc0a\" data-element_type=\"container\" data-e-type=\"container\">\n\t\t\t\t<div class=\"elementor-element elementor-element-fdea298 elementor-widget elementor-widget-image\" data-id=\"fdea298\" data-element_type=\"widget\" data-e-type=\"widget\" data-widget_type=\"image.default\">\n\t\t\t\t<div class=\"elementor-widget-container\">\n\t\t\t\t\t\t\t\t\t\t\t\t\t\t\t<img fetchpriority=\"high\" decoding=\"async\" width=\"1700\" height=\"1300\" src=\"https:\/\/ww1.visualpoint.eu\/wp-content\/uploads\/2025\/02\/chisiamo-1-1.jpg\" class=\"attachment-full size-full wp-image-3309\" alt=\"\" srcset=\"https:\/\/ww1.visualpoint.eu\/wp-content\/uploads\/2025\/02\/chisiamo-1-1.jpg 1700w, https:\/\/ww1.visualpoint.eu\/wp-content\/uploads\/2025\/02\/chisiamo-1-1-300x229.jpg 300w, https:\/\/ww1.visualpoint.eu\/wp-content\/uploads\/2025\/02\/chisiamo-1-1-1024x783.jpg 1024w, https:\/\/ww1.visualpoint.eu\/wp-content\/uploads\/2025\/02\/chisiamo-1-1-768x587.jpg 768w, https:\/\/ww1.visualpoint.eu\/wp-content\/uploads\/2025\/02\/chisiamo-1-1-1536x1175.jpg 1536w\" sizes=\"(max-width: 1700px) 100vw, 1700px\" \/>\t\t\t\t\t\t\t\t\t\t\t\t\t\t\t<\/div>\n\t\t\t\t<\/div>\n\t\t\t\t<\/div>\n\t\t<div class=\"elementor-element elementor-element-8bb145d e-con-full e-flex e-con e-child\" data-id=\"8bb145d\" data-element_type=\"container\" data-e-type=\"container\">\n\t\t<div class=\"elementor-element elementor-element-ae04db5 e-con-full e-flex e-con e-child\" data-id=\"ae04db5\" data-element_type=\"container\" data-e-type=\"container\">\n\t\t\t\t<div class=\"elementor-element elementor-element-dd29859 elementor-widget elementor-widget-heading\" data-id=\"dd29859\" data-element_type=\"widget\" data-e-type=\"widget\" data-widget_type=\"heading.default\">\n\t\t\t\t<div class=\"elementor-widget-container\">\n\t\t\t\t\t<h2 class=\"elementor-heading-title elementor-size-default\">Made in Italy<\/h2>\t\t\t\t<\/div>\n\t\t\t\t<\/div>\n\t\t\t\t<div class=\"elementor-element elementor-element-044fdf7 elementor-widget elementor-widget-text-editor\" data-id=\"044fdf7\" data-element_type=\"widget\" data-e-type=\"widget\" data-widget_type=\"text-editor.default\">\n\t\t\t\t<div class=\"elementor-widget-container\">\n\t\t\t\t\t\t\t\t\t<p>Nous sommes fiers de promouvoir le \u00ab made in Italy \u00bb \u00e0 travers notre travail, en utilisant des mat\u00e9riaux de haute qualit\u00e9 et des techniques artisanales traditionnelles, r\u00e9interpr\u00e9t\u00e9es de mani\u00e8re moderne.<\/p>\n<p>Notre souci du d\u00e9tail et la recherche de l&rsquo;innovation nous permettent de r\u00e9aliser vos projets uniques et fascinants.<\/p>\n<p>Chez Visualpoint, nous croyons que la synergie entre diff\u00e9rentes r\u00e9alit\u00e9s et<br \/>\nles comp\u00e9tences sont la cl\u00e9 du succ\u00e8s.<\/p>\n\t\t\t\t\t\t\t\t<\/div>\n\t\t\t\t<\/div>\n\t\t\t\t<\/div>\n\t\t\t\t<\/div>\n\t\t\t\t<\/div>\n\t\t<div class=\"elementor-element elementor-element-d9d5fbd e-con-full e-flex e-con e-parent\" data-id=\"d9d5fbd\" data-element_type=\"container\" data-e-type=\"container\">\n\t\t<div class=\"elementor-element elementor-element-886c3d5 e-con-full e-flex e-con e-child\" data-id=\"886c3d5\" data-element_type=\"container\" data-e-type=\"container\">\n\t\t<div class=\"elementor-element elementor-element-4883ab3 e-con-full e-flex e-con e-child\" data-id=\"4883ab3\" data-element_type=\"container\" data-e-type=\"container\">\n\t\t\t\t<div class=\"elementor-element elementor-element-889cf69 elementor-widget elementor-widget-heading\" data-id=\"889cf69\" data-element_type=\"widget\" data-e-type=\"widget\" data-widget_type=\"heading.default\">\n\t\t\t\t<div class=\"elementor-widget-container\">\n\t\t\t\t\t<h2 class=\"elementor-heading-title elementor-size-default\">Ce que nous faisons<\/h2>\t\t\t\t<\/div>\n\t\t\t\t<\/div>\n\t\t\t\t<div class=\"elementor-element elementor-element-d68efc2 elementor-widget elementor-widget-text-editor\" data-id=\"d68efc2\" data-element_type=\"widget\" data-e-type=\"widget\" data-widget_type=\"text-editor.default\">\n\t\t\t\t<div class=\"elementor-widget-container\">\n\t\t\t\t\t\t\t\t\t<p>Fond\u00e9e en 1996, Visualpoint Srl est une entreprise d&rsquo;entrepreneur g\u00e9n\u00e9ral qui a su \u00e9voluer et s&rsquo;adapter aux besoins du march\u00e9 au fil des ann\u00e9es.<\/p>\n<p>Initialement sp\u00e9cialis\u00e9 dans le visual merchandising puis dans le monde des salons, Visualpoint a b\u00e2ti sa r\u00e9putation sur sa capacit\u00e9 \u00e0 g\u00e9rer tous types de projets, qu&rsquo;il s&rsquo;agisse d&rsquo;espaces commerciaux ou d&rsquo;environnements priv\u00e9s.<\/p>\n\t\t\t\t\t\t\t\t<\/div>\n\t\t\t\t<\/div>\n\t\t\t\t<\/div>\n\t\t\t\t<\/div>\n\t\t<div class=\"elementor-element elementor-element-36ac561 e-con-full e-flex e-con e-child\" data-id=\"36ac561\" data-element_type=\"container\" data-e-type=\"container\">\n\t\t\t\t<div class=\"elementor-element elementor-element-4243b75 elementor-widget elementor-widget-image\" data-id=\"4243b75\" data-element_type=\"widget\" data-e-type=\"widget\" data-widget_type=\"image.default\">\n\t\t\t\t<div class=\"elementor-widget-container\">\n\t\t\t\t\t\t\t\t\t\t\t\t\t\t\t<img decoding=\"async\" width=\"1700\" height=\"1300\" src=\"https:\/\/ww1.visualpoint.eu\/wp-content\/uploads\/2025\/02\/chisiamo-2.jpg\" class=\"attachment-full size-full wp-image-3123\" alt=\"\" srcset=\"https:\/\/ww1.visualpoint.eu\/wp-content\/uploads\/2025\/02\/chisiamo-2.jpg 1700w, https:\/\/ww1.visualpoint.eu\/wp-content\/uploads\/2025\/02\/chisiamo-2-300x229.jpg 300w, https:\/\/ww1.visualpoint.eu\/wp-content\/uploads\/2025\/02\/chisiamo-2-1024x783.jpg 1024w, https:\/\/ww1.visualpoint.eu\/wp-content\/uploads\/2025\/02\/chisiamo-2-768x587.jpg 768w, https:\/\/ww1.visualpoint.eu\/wp-content\/uploads\/2025\/02\/chisiamo-2-1536x1175.jpg 1536w\" sizes=\"(max-width: 1700px) 100vw, 1700px\" \/>\t\t\t\t\t\t\t\t\t\t\t\t\t\t\t<\/div>\n\t\t\t\t<\/div>\n\t\t\t\t<\/div>\n\t\t\t\t<\/div>\n\t\t<div class=\"elementor-element elementor-element-2751787 e-con-full e-flex e-con e-parent\" data-id=\"2751787\" data-element_type=\"container\" data-e-type=\"container\">\n\t\t<div class=\"elementor-element elementor-element-f41a1fe e-con-full e-flex e-con e-child\" data-id=\"f41a1fe\" data-element_type=\"container\" data-e-type=\"container\">\n\t\t\t\t<div class=\"elementor-element elementor-element-dba3a81 elementor-widget elementor-widget-image\" data-id=\"dba3a81\" data-element_type=\"widget\" data-e-type=\"widget\" data-widget_type=\"image.default\">\n\t\t\t\t<div class=\"elementor-widget-container\">\n\t\t\t\t\t\t\t\t\t\t\t\t\t\t\t<img decoding=\"async\" width=\"1700\" height=\"1300\" src=\"https:\/\/ww1.visualpoint.eu\/wp-content\/uploads\/2025\/02\/chisiamo-3.jpg\" class=\"attachment-full size-full wp-image-3125\" alt=\"\" srcset=\"https:\/\/ww1.visualpoint.eu\/wp-content\/uploads\/2025\/02\/chisiamo-3.jpg 1700w, https:\/\/ww1.visualpoint.eu\/wp-content\/uploads\/2025\/02\/chisiamo-3-300x229.jpg 300w, https:\/\/ww1.visualpoint.eu\/wp-content\/uploads\/2025\/02\/chisiamo-3-1024x783.jpg 1024w, https:\/\/ww1.visualpoint.eu\/wp-content\/uploads\/2025\/02\/chisiamo-3-768x587.jpg 768w, https:\/\/ww1.visualpoint.eu\/wp-content\/uploads\/2025\/02\/chisiamo-3-1536x1175.jpg 1536w\" sizes=\"(max-width: 1700px) 100vw, 1700px\" \/>\t\t\t\t\t\t\t\t\t\t\t\t\t\t\t<\/div>\n\t\t\t\t<\/div>\n\t\t\t\t<\/div>\n\t\t<div class=\"elementor-element elementor-element-171ba27 e-con-full e-flex e-con e-child\" data-id=\"171ba27\" data-element_type=\"container\" data-e-type=\"container\">\n\t\t<div class=\"elementor-element elementor-element-e3f1b25 e-con-full e-flex e-con e-child\" data-id=\"e3f1b25\" data-element_type=\"container\" data-e-type=\"container\">\n\t\t\t\t<div class=\"elementor-element elementor-element-a6c398a elementor-widget elementor-widget-heading\" data-id=\"a6c398a\" data-element_type=\"widget\" data-e-type=\"widget\" data-widget_type=\"heading.default\">\n\t\t\t\t<div class=\"elementor-widget-container\">\n\t\t\t\t\t<h2 class=\"elementor-heading-title elementor-size-default\">Vision<\/h2>\t\t\t\t<\/div>\n\t\t\t\t<\/div>\n\t\t\t\t<div class=\"elementor-element elementor-element-f403856 elementor-widget elementor-widget-text-editor\" data-id=\"f403856\" data-element_type=\"widget\" data-e-type=\"widget\" data-widget_type=\"text-editor.default\">\n\t\t\t\t<div class=\"elementor-widget-container\">\n\t\t\t\t\t\t\t\t\t<p>Au fil du temps, l&rsquo;entreprise a \u00e9largi son champ d&rsquo;action, se d\u00e9pla\u00e7ant de l&rsquo;Italie \u00e0 toute l&rsquo;Europe, s&rsquo;\u00e9tendant \u00e9galement aux \u00c9tats-Unis et au Moyen-Orient.<\/p>\n<p>Gr\u00e2ce \u00e0 une \u00e9quipe soud\u00e9e de professionnels et \u00e0 un r\u00e9seau de collaborations consolid\u00e9es, Visualpoint propose des solutions en prenant soin de chaque d\u00e9tail, de la planification ex\u00e9cutive \u00e0 la mise en \u0153uvre.<\/p>\n<p>Chaque travail est une opportunit\u00e9 de d\u00e9passer les attentes des clients, en cr\u00e9ant des environnements uniques et personnels.<\/p>\n<p>Avec une vision tourn\u00e9e vers l\u2019avenir et un engagement constant envers l\u2019excellence et la croissance professionnelle.<\/p>\n\t\t\t\t\t\t\t\t<\/div>\n\t\t\t\t<\/div>\n\t\t\t\t<\/div>\n\t\t\t\t<\/div>\n\t\t\t\t<\/div>\n\t\t\t\t<\/div>\n\t\t","protected":false},"excerpt":{"rendered":"<p>L&rsquo;\u00e9quipe Le c\u0153ur battant de Visualpoint Srl est son \u00e9quipe, non seulement le noyau interne mais un groupe de professionnels et d&rsquo;artisans qui repr\u00e9sentent le mieux la qualit\u00e9 italienne, reconnue dans le monde entier. Chaque membre de notre \u00e9quipe apporte avec lui son exp\u00e9rience et son professionnalisme inn\u00e9, contribuant ainsi \u00e0 la r\u00e9alisation de vos [&hellip;]<\/p>\n","protected":false},"author":1,"featured_media":3857,"parent":0,"menu_order":0,"comment_status":"closed","ping_status":"closed","template":"","meta":{"footnotes":""},"class_list":["post-3226","page","type-page","status-publish","has-post-thumbnail","hentry"],"yoast_head":"<!-- This site is optimized with the Yoast SEO plugin v27.2 - https:\/\/yoast.com\/product\/yoast-seo-wordpress\/ -->\n<title>Qui sommes-nous - Visual Point<\/title>\n<meta name=\"robots\" content=\"noindex, follow, max-snippet:-1, max-image-preview:large, max-video-preview:-1\" \/>\n<meta property=\"og:locale\" content=\"fr_FR\" \/>\n<meta property=\"og:type\" content=\"article\" \/>\n<meta property=\"og:title\" content=\"Qui sommes-nous - Visual Point\" \/>\n<meta property=\"og:description\" content=\"L&rsquo;\u00e9quipe Le c\u0153ur battant de Visualpoint Srl est son \u00e9quipe, non seulement le noyau interne mais un groupe de professionnels et d&rsquo;artisans qui repr\u00e9sentent le mieux la qualit\u00e9 italienne, reconnue dans le monde entier. Chaque membre de notre \u00e9quipe apporte avec lui son exp\u00e9rience et son professionnalisme inn\u00e9, contribuant ainsi \u00e0 la r\u00e9alisation de vos [&hellip;]\" \/>\n<meta property=\"og:url\" content=\"https:\/\/ww1.visualpoint.eu\/fr\/qui-sommes-nous\/\" \/>\n<meta property=\"og:site_name\" content=\"Visual Point\" \/>\n<meta property=\"article:modified_time\" content=\"2025-02-13T10:47:24+00:00\" \/>\n<meta property=\"og:image\" content=\"https:\/\/ww1.visualpoint.eu\/wp-content\/uploads\/2024\/12\/VISUAL-POINT-RITRATTI1254_FILTER_web.jpg\" \/>\n\t<meta property=\"og:image:width\" content=\"1960\" \/>\n\t<meta property=\"og:image:height\" content=\"1307\" \/>\n\t<meta property=\"og:image:type\" content=\"image\/jpeg\" \/>\n<meta name=\"twitter:card\" content=\"summary_large_image\" \/>\n<meta name=\"twitter:label1\" content=\"Dur\u00e9e de lecture estim\u00e9e\" \/>\n\t<meta name=\"twitter:data1\" content=\"2 minutes\" \/>\n<script type=\"application\/ld+json\" class=\"yoast-schema-graph\">{\"@context\":\"https:\/\/schema.org\",\"@graph\":[{\"@type\":\"WebPage\",\"@id\":\"https:\/\/ww1.visualpoint.eu\/fr\/qui-sommes-nous\/\",\"url\":\"https:\/\/ww1.visualpoint.eu\/fr\/qui-sommes-nous\/\",\"name\":\"Qui sommes-nous - Visual Point\",\"isPartOf\":{\"@id\":\"https:\/\/ww1.visualpoint.eu\/fr\/#website\"},\"primaryImageOfPage\":{\"@id\":\"https:\/\/ww1.visualpoint.eu\/fr\/qui-sommes-nous\/#primaryimage\"},\"image\":{\"@id\":\"https:\/\/ww1.visualpoint.eu\/fr\/qui-sommes-nous\/#primaryimage\"},\"thumbnailUrl\":\"https:\/\/ww1.visualpoint.eu\/wp-content\/uploads\/2026\/02\/Sito-Visualpoint-2026_02-1.jpg\",\"datePublished\":\"2024-12-04T11:27:03+00:00\",\"dateModified\":\"2025-02-13T10:47:24+00:00\",\"breadcrumb\":{\"@id\":\"https:\/\/ww1.visualpoint.eu\/fr\/qui-sommes-nous\/#breadcrumb\"},\"inLanguage\":\"fr-FR\",\"potentialAction\":[{\"@type\":\"ReadAction\",\"target\":[\"https:\/\/ww1.visualpoint.eu\/fr\/qui-sommes-nous\/\"]}]},{\"@type\":\"ImageObject\",\"inLanguage\":\"fr-FR\",\"@id\":\"https:\/\/ww1.visualpoint.eu\/fr\/qui-sommes-nous\/#primaryimage\",\"url\":\"https:\/\/ww1.visualpoint.eu\/wp-content\/uploads\/2026\/02\/Sito-Visualpoint-2026_02-1.jpg\",\"contentUrl\":\"https:\/\/ww1.visualpoint.eu\/wp-content\/uploads\/2026\/02\/Sito-Visualpoint-2026_02-1.jpg\",\"width\":1960,\"height\":739},{\"@type\":\"BreadcrumbList\",\"@id\":\"https:\/\/ww1.visualpoint.eu\/fr\/qui-sommes-nous\/#breadcrumb\",\"itemListElement\":[{\"@type\":\"ListItem\",\"position\":1,\"name\":\"Home\",\"item\":\"https:\/\/ww1.visualpoint.eu\/fr\/\"},{\"@type\":\"ListItem\",\"position\":2,\"name\":\"Qui sommes-nous\"}]},{\"@type\":\"WebSite\",\"@id\":\"https:\/\/ww1.visualpoint.eu\/fr\/#website\",\"url\":\"https:\/\/ww1.visualpoint.eu\/fr\/\",\"name\":\"Visual Point\",\"description\":\"Negozi, showroom, fiere ed eventi, interior design, realizzazione e fornitura mobili su misura\",\"publisher\":{\"@id\":\"https:\/\/ww1.visualpoint.eu\/fr\/#organization\"},\"potentialAction\":[{\"@type\":\"SearchAction\",\"target\":{\"@type\":\"EntryPoint\",\"urlTemplate\":\"https:\/\/ww1.visualpoint.eu\/fr\/?s={search_term_string}\"},\"query-input\":{\"@type\":\"PropertyValueSpecification\",\"valueRequired\":true,\"valueName\":\"search_term_string\"}}],\"inLanguage\":\"fr-FR\"},{\"@type\":\"Organization\",\"@id\":\"https:\/\/ww1.visualpoint.eu\/fr\/#organization\",\"name\":\"Visual Point\",\"url\":\"https:\/\/ww1.visualpoint.eu\/fr\/\",\"logo\":{\"@type\":\"ImageObject\",\"inLanguage\":\"fr-FR\",\"@id\":\"https:\/\/ww1.visualpoint.eu\/fr\/#\/schema\/logo\/image\/\",\"url\":\"https:\/\/ww1.visualpoint.eu\/wp-content\/uploads\/2024\/09\/visualpoint-logo-2024.webp\",\"contentUrl\":\"https:\/\/ww1.visualpoint.eu\/wp-content\/uploads\/2024\/09\/visualpoint-logo-2024.webp\",\"width\":1080,\"height\":205,\"caption\":\"Visual Point\"},\"image\":{\"@id\":\"https:\/\/ww1.visualpoint.eu\/fr\/#\/schema\/logo\/image\/\"}}]}<\/script>\n<!-- \/ Yoast SEO plugin. -->","yoast_head_json":{"title":"Qui sommes-nous - Visual Point","robots":{"index":"noindex","follow":"follow","max-snippet":"max-snippet:-1","max-image-preview":"max-image-preview:large","max-video-preview":"max-video-preview:-1"},"og_locale":"fr_FR","og_type":"article","og_title":"Qui sommes-nous - Visual Point","og_description":"L&rsquo;\u00e9quipe Le c\u0153ur battant de Visualpoint Srl est son \u00e9quipe, non seulement le noyau interne mais un groupe de professionnels et d&rsquo;artisans qui repr\u00e9sentent le mieux la qualit\u00e9 italienne, reconnue dans le monde entier. Chaque membre de notre \u00e9quipe apporte avec lui son exp\u00e9rience et son professionnalisme inn\u00e9, contribuant ainsi \u00e0 la r\u00e9alisation de vos [&hellip;]","og_url":"https:\/\/ww1.visualpoint.eu\/fr\/qui-sommes-nous\/","og_site_name":"Visual Point","article_modified_time":"2025-02-13T10:47:24+00:00","og_image":[{"width":1960,"height":1307,"url":"https:\/\/ww1.visualpoint.eu\/wp-content\/uploads\/2024\/12\/VISUAL-POINT-RITRATTI1254_FILTER_web.jpg","type":"image\/jpeg"}],"twitter_card":"summary_large_image","twitter_misc":{"Dur\u00e9e de lecture estim\u00e9e":"2 minutes"},"schema":{"@context":"https:\/\/schema.org","@graph":[{"@type":"WebPage","@id":"https:\/\/ww1.visualpoint.eu\/fr\/qui-sommes-nous\/","url":"https:\/\/ww1.visualpoint.eu\/fr\/qui-sommes-nous\/","name":"Qui sommes-nous - Visual Point","isPartOf":{"@id":"https:\/\/ww1.visualpoint.eu\/fr\/#website"},"primaryImageOfPage":{"@id":"https:\/\/ww1.visualpoint.eu\/fr\/qui-sommes-nous\/#primaryimage"},"image":{"@id":"https:\/\/ww1.visualpoint.eu\/fr\/qui-sommes-nous\/#primaryimage"},"thumbnailUrl":"https:\/\/ww1.visualpoint.eu\/wp-content\/uploads\/2026\/02\/Sito-Visualpoint-2026_02-1.jpg","datePublished":"2024-12-04T11:27:03+00:00","dateModified":"2025-02-13T10:47:24+00:00","breadcrumb":{"@id":"https:\/\/ww1.visualpoint.eu\/fr\/qui-sommes-nous\/#breadcrumb"},"inLanguage":"fr-FR","potentialAction":[{"@type":"ReadAction","target":["https:\/\/ww1.visualpoint.eu\/fr\/qui-sommes-nous\/"]}]},{"@type":"ImageObject","inLanguage":"fr-FR","@id":"https:\/\/ww1.visualpoint.eu\/fr\/qui-sommes-nous\/#primaryimage","url":"https:\/\/ww1.visualpoint.eu\/wp-content\/uploads\/2026\/02\/Sito-Visualpoint-2026_02-1.jpg","contentUrl":"https:\/\/ww1.visualpoint.eu\/wp-content\/uploads\/2026\/02\/Sito-Visualpoint-2026_02-1.jpg","width":1960,"height":739},{"@type":"BreadcrumbList","@id":"https:\/\/ww1.visualpoint.eu\/fr\/qui-sommes-nous\/#breadcrumb","itemListElement":[{"@type":"ListItem","position":1,"name":"Home","item":"https:\/\/ww1.visualpoint.eu\/fr\/"},{"@type":"ListItem","position":2,"name":"Qui sommes-nous"}]},{"@type":"WebSite","@id":"https:\/\/ww1.visualpoint.eu\/fr\/#website","url":"https:\/\/ww1.visualpoint.eu\/fr\/","name":"Visual Point","description":"Negozi, showroom, fiere ed eventi, interior design, realizzazione e fornitura mobili su misura","publisher":{"@id":"https:\/\/ww1.visualpoint.eu\/fr\/#organization"},"potentialAction":[{"@type":"SearchAction","target":{"@type":"EntryPoint","urlTemplate":"https:\/\/ww1.visualpoint.eu\/fr\/?s={search_term_string}"},"query-input":{"@type":"PropertyValueSpecification","valueRequired":true,"valueName":"search_term_string"}}],"inLanguage":"fr-FR"},{"@type":"Organization","@id":"https:\/\/ww1.visualpoint.eu\/fr\/#organization","name":"Visual Point","url":"https:\/\/ww1.visualpoint.eu\/fr\/","logo":{"@type":"ImageObject","inLanguage":"fr-FR","@id":"https:\/\/ww1.visualpoint.eu\/fr\/#\/schema\/logo\/image\/","url":"https:\/\/ww1.visualpoint.eu\/wp-content\/uploads\/2024\/09\/visualpoint-logo-2024.webp","contentUrl":"https:\/\/ww1.visualpoint.eu\/wp-content\/uploads\/2024\/09\/visualpoint-logo-2024.webp","width":1080,"height":205,"caption":"Visual Point"},"image":{"@id":"https:\/\/ww1.visualpoint.eu\/fr\/#\/schema\/logo\/image\/"}}]}},"_links":{"self":[{"href":"https:\/\/ww1.visualpoint.eu\/fr\/wp-json\/wp\/v2\/pages\/3226","targetHints":{"allow":["GET"]}}],"collection":[{"href":"https:\/\/ww1.visualpoint.eu\/fr\/wp-json\/wp\/v2\/pages"}],"about":[{"href":"https:\/\/ww1.visualpoint.eu\/fr\/wp-json\/wp\/v2\/types\/page"}],"author":[{"embeddable":true,"href":"https:\/\/ww1.visualpoint.eu\/fr\/wp-json\/wp\/v2\/users\/1"}],"replies":[{"embeddable":true,"href":"https:\/\/ww1.visualpoint.eu\/fr\/wp-json\/wp\/v2\/comments?post=3226"}],"version-history":[{"count":2,"href":"https:\/\/ww1.visualpoint.eu\/fr\/wp-json\/wp\/v2\/pages\/3226\/revisions"}],"predecessor-version":[{"id":3314,"href":"https:\/\/ww1.visualpoint.eu\/fr\/wp-json\/wp\/v2\/pages\/3226\/revisions\/3314"}],"wp:featuredmedia":[{"embeddable":true,"href":"https:\/\/ww1.visualpoint.eu\/fr\/wp-json\/wp\/v2\/media\/3857"}],"wp:attachment":[{"href":"https:\/\/ww1.visualpoint.eu\/fr\/wp-json\/wp\/v2\/media?parent=3226"}],"curies":[{"name":"wp","href":"https:\/\/api.w.org\/{rel}","templated":true}]}}